{"id":344,"date":"2023-12-29T14:13:08","date_gmt":"2023-12-29T13:13:08","guid":{"rendered":"https:\/\/jungshovedenergi.dk\/?page_id=344"},"modified":"2026-02-09T20:15:54","modified_gmt":"2026-02-09T19:15:54","slug":"om-os","status":"publish","type":"page","link":"https:\/\/jungshovedenergi.dk\/index.php\/om-os\/","title":{"rendered":"Om os"},"content":{"rendered":"\n<h3 class=\"wp-block-heading\"><\/h3>\n\n\n\n<p><br>Vi er en lille gruppe beboere p\u00e5 Jungshoved med t\u00e6t tilknytning til Lokalforum, som har besluttet at starte arbejdet med at etablere et lokalt energif\u00e6llesskab for alle borgere p\u00e5 Jungshoved.\u00a0<br>Derfor har vi oprettet denne hjemmeside og ans\u00f8gt LAG Sj\u00e6llandsyd samt Landdistriktsmidlerne om midler til en r\u00e5dgiver, der kan finde ud af, hvordan man strikker s\u00e5dan et energif\u00e6llesskab sammen p\u00e5 den smartest mulige m\u00e5de i vores omr\u00e5de.\u00a0Vi har medio december 2024 f\u00e5et bevilget begge dele ! \ud83d\ude42<br>Ideen med et lokalt energif\u00e6llesskab er jo, at vi i f\u00e6llesskab skal eje, drive og forbruge gr\u00f8n str\u00f8m fra vores egne solceller og vindm\u00f8ller &#8211; til opvarmning (varmepumper og f\u00e6lles jordvarme), til transport (elbiler) og til almindeligt elforbrug. D\u00e9t skal sikre f\u00e6llesskabets medlemmer gr\u00f8n el til en fast, lav pris i mange \u00e5r fremover, og at vores energiforsyning dermed sker med s\u00e5 lavt et klima-aftryk som muligt.<br>Du kan l\u00e6se meget mere om, hvad et energif\u00e6llesskab er her p\u00e5 hjemmesiden, hvor du ogs\u00e5 kan f\u00f8lge arbejdet med oprettelse af Jungshoved Energif\u00e6llesskab under rubrikken &#8220;Nyheder&#8221;.\u00a0<br>Her kan du ogs\u00e5 kontakte os og markere din interesse for projektet og\/eller i at blive medlem af energif\u00e6llesskabet til sin tid.\u00a0<br>Vi har ogs\u00e5 altid brug for folk, der vil g\u00f8re en indsats i arbejdsgruppen i forbindelse med opstart af projektet. Skriv til os her <a href=\"mailto:mail@jungshovedenergi.dk\"><em>mail@jungshovedenergi.dk<\/em><\/a> eller ring og f\u00e5 en snak med os p\u00e5 mobil <em>24452702<\/em>.<br><br><br>P\u00e5 arbejdsgruppens vegne, Sanne Wittrup<br><\/p>\n\n\n\n<ul class=\"wp-block-social-links is-layout-flex wp-block-social-links-is-layout-flex\"><\/ul>\n\n\n\n<p><\/p>\n\n\n\n\n\n<p>Medlemmerne i gruppen er:&nbsp;<\/p>\n\n\n\n<ul class=\"wp-block-list\">\n<li>Sanne Wittrup, klimakoordinator og bestyrelsesmedlem i Jungshoved Lokalforum<\/li>\n\n\n\n<li>Torben Svane, kasserer i Jungshoved Lokalforum&nbsp;<\/li>\n\n\n\n<li>J\u00f8rgen Hein, Jungshoved Milj\u00f8gruppe (foreningen).<\/li>\n\n\n\n<li>Kristian Knudsen, arkitekt, Roneklint<\/li>\n\n\n\n<li>Kirsten Mikkolinius, journalist, B\u00f8nsvig By<\/li>\n<\/ul>\n\n\n\n<p>Vi udvider gruppen i takt med, at planerne konkretiseres, men vi kan altid kontaktes p\u00e5 mobil 24452702.&nbsp;<\/p>\n\n\n\n<figure class=\"wp-block-image size-large is-resized\"><img fetchpriority=\"high\" decoding=\"async\" width=\"1024\" height=\"768\" src=\"https:\/\/jungshovedenergi.dk\/wp-content\/uploads\/2023\/12\/IMG_0317-1024x768.jpeg\" alt=\"\" class=\"wp-image-405\" style=\"width:645px;height:auto\" srcset=\"https:\/\/jungshovedenergi.dk\/wp-content\/uploads\/2023\/12\/IMG_0317-1024x768.jpeg 1024w, https:\/\/jungshovedenergi.dk\/wp-content\/uploads\/2023\/12\/IMG_0317-300x225.jpeg 300w, https:\/\/jungshovedenergi.dk\/wp-content\/uploads\/2023\/12\/IMG_0317-768x576.jpeg 768w, https:\/\/jungshovedenergi.dk\/wp-content\/uploads\/2023\/12\/IMG_0317-1536x1152.jpeg 1536w, https:\/\/jungshovedenergi.dk\/wp-content\/uploads\/2023\/12\/IMG_0317-2048x1536.jpeg 2048w\" sizes=\"(max-width: 1024px) 100vw, 1024px\" \/><\/figure>\n\n\n\n<p>&#8230;&#8230;&#8230;&#8230;..<\/p>\n\n\n\n<h3 class=\"wp-block-heading\">L\u00e6s ans\u00f8gning<\/h3>\n\n\n\n<p><\/p>\n\n\n\n<div class=\"wp-block-group\"><div class=\"wp-block-group__inner-container is-layout-constrained wp-block-group-is-layout-constrained\">\n<p>Vi har som n\u00e6vnt andetsted s\u00f8gt og f\u00e5et penge til at f\u00e5 unders\u00f8gt, hvordan s\u00e5dan et lokalt energif\u00e6llesskab skal strikkes sammen.<\/p>\n\n\n\n<p>Du kan l\u00e6se uddrag af vores ans\u00f8gning til LAG (Landdistriktsmidlerne) nedenfor:&nbsp;<\/p>\n\n\n\n<div class=\"wp-block-group has-very-light-gray-to-cyan-bluish-gray-gradient-background has-background\"><div class=\"wp-block-group__inner-container is-layout-constrained wp-block-group-is-layout-constrained\">\n<div class=\"wp-block-group is-vertical is-layout-flex wp-container-core-group-is-layout-8cf370e7 wp-block-group-is-layout-flex\">\n<p><strong>Projekttitel: Lokalt energif\u00e6llesskab p\u00e5 Jungshoved<\/strong><\/p>\n\n\n\n<p><strong>Projektbeskrivelse:<\/strong><\/p>\n\n\n\n<p>Jungshoved Lokalforum vil unders\u00f8ge mulighederne for at etablere et lokalt <\/p>\n\n\n\n<p>energif\u00e6llesskab, hvor omr\u00e5dets beboere i f\u00e6llesskab ejer, driver og forbruger gr\u00f8n str\u00f8m<\/p>\n\n\n\n<p>fra lokale solceller, vindm\u00f8ller og evt. biogas &#8211; til opvarmning, transport (elbiler) og<\/p>\n\n\n\n<p>almindeligt elforbrug. Som medejere sikres borgerne gr\u00f8n el til en fast, lav pris &#8211; og<\/p>\n\n\n\n<p>eksisterende produktionsanl\u00e6g kan indg\u00e5 i f\u00e6llesskabets pulje af gr\u00f8n<\/p>\n\n\n\n<p>produktionskapacitet.<\/p>\n\n\n\n<p>At etablere s\u00e5dan et lokalt energif\u00e6llesskab kr\u00e6ver professionel bistand til beregninger,<\/p>\n\n\n\n<p>indsamling af data med mere, og derfor ans\u00f8ger vi LAG Sydsj\u00e6lland om 62.062,5 kroner<\/p>\n\n\n\n<p>(halvdelen af budgettet) til en s\u00e5dan for-unders\u00f8gelse. Her skal man klarl\u00e6gge forbrugs-<\/p>\n\n\n\n<p>og produktionsprofiler for forbrugerne i omr\u00e5det samt vurdere organisering og udf\u00f8re<\/p>\n\n\n\n<p>forel\u00f8bige beregninger p\u00e5 \u00f8konomien. Alts\u00e5 popul\u00e6rt sagt finde ud af, hvor meget<\/p>\n\n\n\n<p>vedvarende energi, der skal til for at forsyne halv\u00f8ens beboere nu og i fremtiden, n\u00e5r de<\/p>\n\n\n\n<p>fossile br\u00e6ndsler er v\u00e6k, og alt skal k\u00f8re p\u00e5 el. Og til hvilken pris det kan ske.<\/p>\n\n\n\n<p>Beregningerne skal danne basis for, at vi kan etablere et andels-selskab (Jungshoved<\/p>\n\n\n\n<p>Energif\u00e6llesskab, a.m.b.a.), der skal eje og drive de vedvarende energianl\u00e6g, og som<\/p>\n\n\n\n<p>skal have hovedparten af omr\u00e5dets beboere som medlemmer.<\/p>\n\n\n\n<p><strong>Form\u00e5l og baggrund:<\/strong><\/p>\n\n\n\n<p>Halv\u00f8en Jungshoved syd for Pr\u00e6st\u00f8 rummer et st\u00e6rkt lokalt sammenhold og et h\u00f8jt<\/p>\n\n\n\n<p>aktivitetsniveau, og d\u00e9t vil vi gerne bygge videre p\u00e5 til ogs\u00e5 at handle om at mindske vores<\/p>\n\n\n\n<p>CO2 udledning og dermed vores pres p\u00e5 klimaet s\u00e5 meget som muligt.<\/p>\n\n\n\n<p>Et lokalt energif\u00e6llesskab kan dels sikre, at alle halv\u00f8ens beboere uanset \u00f8konomisk<\/p>\n\n\n\n<p>form\u00e5enhed f\u00e5r mulighed for at omstille deres energiforsyning fra sort til gr\u00f8n og relativ<\/p>\n\n\n\n<p>billig energi &#8211; dels vil det lokale medejerskab v\u00e6re vejen til at f\u00e5 gang i udbygningen med<\/p>\n\n\n\n<p>vedvarende energi og sikre en selvforsyning, der overfl\u00f8digg\u00f8r dyr udbygning af elnettet.<\/p>\n\n\n\n<p>Vi arbejder for tiden &#8211; og udenfor denne ans\u00f8gning &#8211; med et andet pilotprojekt, der skal<\/p>\n\n\n\n<p>unders\u00f8ge muligheden for at etablere en f\u00e6lles, gr\u00f8n varmeforsyning i den st\u00f8rstelandsby midt p\u00e5 Jungshoved. Et projekt, der er st\u00f8ttet af Vordingborg Kommune og som &#8211;<\/p>\n\n\n\n<p>h\u00e5ber vi &#8211; kan danne skole for andre sm\u00e5 landsbyer p\u00e5 halv\u00f8en og i resten af kommunen.<\/p>\n\n\n\n<p>Her f\u00e5r vi pt. foretaget indledende beregninger p\u00e5 flere forskellige l\u00f8sninger, heriblandt et<\/p>\n\n\n\n<p>f\u00e6lles jordvarme-anl\u00e6g med brug af termonet-teknologien, og s\u00e5 er vi ogs\u00e5 i forhandling<\/p>\n\n\n\n<p>med det lokale biogas-anl\u00e6g om at udnytte deres overskudsvarme i varmeforsyningen.<\/p>\n\n\n\n<p>Pilotprojektet omfatter Jungshoved gamle skole, som i dag er egns- og aktivitetshus, og<\/p>\n\n\n\n<p>som dermed kan blive omstillet fra oliefyr til varmepumper, ligesom omr\u00e5dets<\/p>\n\n\n\n<p>forsamlingshus vil f\u00e5 mulighed for at kunne blive tilsluttet den f\u00e6lles varmel\u00f8sning.<\/p>\n\n\n\n<p>I<\/p>\n\n\n\n<p>&nbsp;varmeprojektet har vi ogs\u00e5 fokus p\u00e5 at finde en f\u00e6lles finansiering af anl\u00e6gget, s\u00e5ledes<\/p>\n\n\n\n<p>at alle kan v\u00e6re med. Vi har allerede kontakt til et pengeinstitut, der gerne vil give et tilbud<\/p>\n\n\n\n<p>p\u00e5 finansiering af dette. Her p\u00e5t\u00e6nker vi ogs\u00e5 at etablere et andelsselskab, hvis planerne<\/p>\n\n\n\n<p>realiseres..<\/p>\n\n\n\n<p>Herv\u00e6rende projekt omfatter derfor udelukkende el-delen (hvor varmeforsyningen<\/p>\n\n\n\n<p>selvf\u00f8lgelig ogs\u00e5 er \u00e9n af aftagerne) og g\u00e5r IKKE i detaljer med varmeforsyningsl\u00f8sninger<\/p>\n\n\n\n<p>og &#8211; organisering. Et energif\u00e6llesskab vil dog helt sikkert medvirke til at g\u00f8re de<\/p>\n\n\n\n<p>fremtidige, gr\u00f8nne varmel\u00f8sninger billigere p\u00e5 grund af en lavere elpris.<\/p>\n\n\n\n<p><strong>Aktiviteter og tidsplan:<\/strong><\/p>\n\n\n\n<p>Aktiviteterne i projektet er f\u00f8rst og fremmest selve beregningsarbejdet, som omfatter<\/p>\n\n\n\n<p>kortl\u00e6gning af forbrugsm\u00f8nstre og samlet forbrug p\u00e5 halv\u00f8en; dimensionering af f\u00e6lles og<\/p>\n\n\n\n<p>individuelle VE-anl\u00e6g, simulering af en integreret l\u00f8sning med egen varmeforsyning i<\/p>\n\n\n\n<p>nogle af landsbyerne samt ladning af elbiler i et f\u00e6lles system. Arbejdet omfatter videre<\/p>\n\n\n\n<p>kortl\u00e6gning af kommunens planer og krav &#8211; for eksempel beskyttelseszoner &#8211; for anl\u00e6g af<\/p>\n\n\n\n<p>vedvarende energianl\u00e6g.<\/p>\n\n\n\n<p>Vi vil envidere afholde 3 borgerm\u00f8der i perioden, hvor planerne l\u00e6gges frem, og hvor vi<\/p>\n\n\n\n<p>skal sikre os en stor opbakning. Vores ambition er, at mindst 50 pct. af de fastboende<\/p>\n\n\n\n<p>husstande vil v\u00e6re med i energif\u00e6llesskabet.<\/p>\n<\/div>\n<\/div><\/div>\n<\/div><\/div>\n","protected":false},"excerpt":{"rendered":"<p>Vi er en lille gruppe beboere p\u00e5 Jungshoved med t\u00e6t tilknytning til Lokalforum, som har besluttet at starte arbejdet med at etablere et lokalt energif\u00e6llesskab [&hellip;]<\/p>\n","protected":false},"author":1,"featured_media":0,"parent":0,"menu_order":0,"comment_status":"closed","ping_status":"closed","template":"","meta":{"footnotes":""},"class_list":["post-344","page","type-page","status-publish","hentry"],"_links":{"self":[{"href":"https:\/\/jungshovedenergi.dk\/index.php\/wp-json\/wp\/v2\/pages\/344","targetHints":{"allow":["GET"]}}],"collection":[{"href":"https:\/\/jungshovedenergi.dk\/index.php\/wp-json\/wp\/v2\/pages"}],"about":[{"href":"https:\/\/jungshovedenergi.dk\/index.php\/wp-json\/wp\/v2\/types\/page"}],"author":[{"embeddable":true,"href":"https:\/\/jungshovedenergi.dk\/index.php\/wp-json\/wp\/v2\/users\/1"}],"replies":[{"embeddable":true,"href":"https:\/\/jungshovedenergi.dk\/index.php\/wp-json\/wp\/v2\/comments?post=344"}],"version-history":[{"count":14,"href":"https:\/\/jungshovedenergi.dk\/index.php\/wp-json\/wp\/v2\/pages\/344\/revisions"}],"predecessor-version":[{"id":911,"href":"https:\/\/jungshovedenergi.dk\/index.php\/wp-json\/wp\/v2\/pages\/344\/revisions\/911"}],"wp:attachment":[{"href":"https:\/\/jungshovedenergi.dk\/index.php\/wp-json\/wp\/v2\/media?parent=344"}],"curies":[{"name":"wp","href":"https:\/\/api.w.org\/{rel}","templated":true}]}}