{"id":2,"date":"2023-10-28T20:55:29","date_gmt":"2023-10-28T18:55:29","guid":{"rendered":"https:\/\/jungshovedenergi.dk\/?page_id=2"},"modified":"2024-06-10T14:46:55","modified_gmt":"2024-06-10T12:46:55","slug":"eksempel-side","status":"publish","type":"page","link":"https:\/\/jungshovedenergi.dk\/index.php\/eksempel-side\/","title":{"rendered":"F\u00e6lles varmeforsyning"},"content":{"rendered":"\n<figure class=\"wp-block-image size-large\"><img fetchpriority=\"high\" decoding=\"async\" width=\"1024\" height=\"768\" src=\"https:\/\/jungshovedenergi.dk\/wp-content\/uploads\/2024\/06\/IMG_0331-1024x768.jpeg\" alt=\"\" class=\"wp-image-500\" srcset=\"https:\/\/jungshovedenergi.dk\/wp-content\/uploads\/2024\/06\/IMG_0331-1024x768.jpeg 1024w, https:\/\/jungshovedenergi.dk\/wp-content\/uploads\/2024\/06\/IMG_0331-300x225.jpeg 300w, https:\/\/jungshovedenergi.dk\/wp-content\/uploads\/2024\/06\/IMG_0331-768x576.jpeg 768w, https:\/\/jungshovedenergi.dk\/wp-content\/uploads\/2024\/06\/IMG_0331-1536x1152.jpeg 1536w, https:\/\/jungshovedenergi.dk\/wp-content\/uploads\/2024\/06\/IMG_0331-2048x1536.jpeg 2048w\" sizes=\"(max-width: 1024px) 100vw, 1024px\" \/><\/figure>\n\n\n\n<p>Mandag den 10.6.2024<\/p>\n\n\n\n<h2 class=\"wp-block-heading\">F\u00e6lles jordvarme-projekt s\u00e6ttes p\u00e5 pause \u2026<\/h2>\n\n\n\n<p>Den afg\u00f8rende runde for tilmelding til det f\u00e6lles jordvarmeprojekt i Jungshoved By har vist, at der&nbsp;<strong>ikke<\/strong>&nbsp;er tilslutning nok til at realisere projektet med det prisniveau, som termonet-l\u00f8sningen kunne tilbyde deltagerne.<\/p>\n\n\n\n<p>I alt var 16 boliger + Egnshuset oprindelig interesseret (heraf er de 12 boliger ejet af Vordingborg Boligforening), men tre af de st\u00f8rre huse har nu meldt fra p\u00e5 de konkrete tal, fordi de mente, at den f\u00e6lles l\u00f8sning vil blive dyrere for dem end en individuel varmepumpe-l\u00f8sning eller eksisterende pillefyr (med lang levetid tilbage). &nbsp;<\/p>\n\n\n\n<p>Samtidig har Vordingborg Kommune (som ejer Egnshuset) meddelt, at de IKKE umiddelbart har penge at investere i oml\u00e6gning af Egnshusets oliefyrede varmeanl\u00e6g. Dog overvejer administrationen at pr\u00f8ve at f\u00e5 godkendt en bevilling til projektet politisk, men det kan tidligst ske efter sommerferien.&nbsp;<\/p>\n\n\n\n<p>Med et frafald, der svarer til over halvdelen af varmegrundlaget i projektet, ser vi desv\u00e6rre ikke anden udvej end at s\u00e6tte hele projektet p\u00e5 pause. Indtil videre p\u00e5 ubestemt tid\u2026\u00a0<\/p>\n\n\n\n<p>Til orientering l\u00e5 prisniveauet &#8211; alt efter l\u00f8betid og renteniveau p\u00e5 det f\u00e6lles l\u00e5n i varmeselskabet &#8211; p\u00e5 mellem godt 1000 kroner og 1.325 kroner om m\u00e5neden for de mindste r\u00e6kkehuse (67 kvm). <\/p>\n\n\n\n<p>For en bolig p\u00e5 123 kvm ville det komme til at koste mellem 1.785 kr og 2.300 kroner om m\u00e5neder at f\u00e5 varme og varmt vand med det f\u00e6lles jordvarmeanl\u00e6g, og for et af de store huse (p\u00e5 232 kvm.) skulle ejerne betale mellem 3.350 kr og 4.361 kr. om m\u00e5neden for varme og varmt vand. <\/p>\n\n\n\n<p>Prisen er inklusive elforbrug til varmepumpen, og den laveste pris f\u00e5s med 30 \u00e5rige l\u00e5n og 3 pct. i rente, mens den h\u00f8jeste pris er for l\u00e5n med 20 \u00e5rig l\u00f8betid og 5 procent i rente. <\/p>\n\n\n\n<p>    <\/p>\n\n\n\n<div class=\"wp-block-cover\" style=\"min-height:721px;aspect-ratio:unset;\"><span aria-hidden=\"true\" class=\"wp-block-cover__background has-background-dim\"><\/span><img decoding=\"async\" width=\"544\" height=\"402\" class=\"wp-block-cover__image-background wp-image-456\" alt=\"\" src=\"https:\/\/jungshovedenergi.dk\/wp-content\/uploads\/2024\/03\/image3-2.jpeg\" data-object-fit=\"cover\" srcset=\"https:\/\/jungshovedenergi.dk\/wp-content\/uploads\/2024\/03\/image3-2.jpeg 544w, https:\/\/jungshovedenergi.dk\/wp-content\/uploads\/2024\/03\/image3-2-300x222.jpeg 300w\" sizes=\"(max-width: 544px) 100vw, 544px\" \/><div class=\"wp-block-cover__inner-container is-layout-flow wp-block-cover-is-layout-flow\">\n<p class=\"has-text-align-center has-large-font-size\"><em>&nbsp;<\/em><\/p>\n<\/div><\/div>\n\n\n\n<p><em>Kortet viser det omr\u00e5de, som \u201cCity-modellen\u201d d\u00e6kker. Den tykke, r\u00f8de linje markerer det centrale termo-net, mens de tynde, r\u00f8de linjer er r\u00f8rf\u00f8ringer ud til enkelt-boliger. Det lyser\u00f8de felt angiver,&nbsp; hvor der skal graves jordvarmeslanger ned. Men bare rolig: I praksis bliver det kun under Forsyningens grund!<\/em><\/p>\n\n\n\n<p><\/p>\n\n\n\n<h2 class=\"wp-block-heading\"><strong>Varmeprojekt ender<\/strong> med en &#8220;City-model&#8221;&#8230;<\/h2>\n\n\n\n<p>Torsdag den 20.3.2024<\/p>\n\n\n\n<p>P\u00e5 et m\u00f8de p\u00e5 skolen onsdag den 13.3. 2024 blev knap en snes beboere og\/eller repr\u00e6sentanter for tilsammen 21 boliger samt Egnshuset Jungshoved Skole enige om at forts\u00e6tte med at realisere et f\u00e6lles jordvarmeprojekt i Jungshoved By. &nbsp;<\/p>\n\n\n\n<p>Projektet, som vi nu g\u00e5r videre med, er langt mindre &#8211; og faktisk noget billigere &#8211; end det store projekt, der omfattede hele Jungshoved By samt husene ud mod forsamlingshuset. En rundsp\u00f8rge til beboerne i december og januar viste dog for lille tilslutning til dette projekt. Nogle takkede nej pga prisen, men mange havde k\u00f8bt sig en varmepumper eller var t\u00e6t p\u00e5. Og rent klimam\u00e6ssigt er det jo rigtig fint!&nbsp;<\/p>\n\n\n\n<p>Heldigvis bor de, der stadig er positive overfor det f\u00e6lles varme-projektet, relativt t\u00e6t p\u00e5 skolen og \u00f8stp\u00e5 ad Jungshovedvej, og derfor fik vi vores r\u00e5dgiver, Ulrik J\u00f8rgensen, til at regne videre p\u00e5 en lille model (med k\u00e6lenavnet City-modellen), der alts\u00e5 koncentrerer sig omkring skolen og det centrale Jungshoved. Beregningen d\u00e6kker 21 boliger og Egnshuset med et samlet varmeforbrug p\u00e5 490 MWh og et samlet, opvarmet areal p\u00e5 godt 3000 kvadratmeter.&nbsp;<\/p>\n\n\n\n<p>S\u00e5dan et projekt koster samlet set 5,6 mio. kroner (konservativt sk\u00f8n), og projektet finansieres ved f\u00e6lles l\u00e5noptagning med en rente p\u00e5 5 pct. i et andelsselskab, som dannes til dette, og som deltagerne selv ejer.&nbsp; Prisen d\u00e6kker b\u00e5de jordvarmeslanger, termonet og varmepumperne ude i de enkelte huse. <\/p>\n\n\n\n<p>Det betyder, at hvis man bor i en gennemsnitlig bolig p\u00e5 130 kvm, vil det koste 1650 kroner om m\u00e5neden  (19.800 kr om \u00e5ret) at f\u00e5 varmt vand og boligopvarmning fra den f\u00e6lles forsyning. <\/p>\n\n\n\n<p>Bel\u00f8bet d\u00e6kker <strong>b\u00e5de <\/strong>afdrag p\u00e5 l\u00e5net, drift og vedligehold af anl\u00e6gget samt <strong>betaling for el<\/strong> til varmepumpen i denne gennemsnitsbolig. Hvis \u00e9ns bolig er st\u00f8rre eller mindre, bliver udgiften tilsvarende st\u00f8rre eller mindre. Boligens isoleringsstandard p\u00e5virker dog elregningens st\u00f8rrelse. <\/p>\n\n\n\n<p>Regnestykket er baseret p\u00e5 et 20 \u00e5rigt, f\u00e6lles l\u00e5n. Hvis l\u00e5neperioden forl\u00e6nges til 30 \u00e5r,  daler prisen til 1450 kroner om m\u00e5neden &#8211; stadig med udgangspunkt i en bolig p\u00e5 130 kvm.  Vi regner ogs\u00e5 med at opkr\u00e6ve et \u00e9ngangs-indskud p\u00e5 20.000 kroner pr. bolig (typisk krav fra finansieringsinstitutterne).&nbsp;<\/p>\n\n\n\n<p>Elforsyningen af varmepumpen sker i praksis i den enkelte bolig\/bygnings installation via en bim\u00e5ler, som afregnes af varmeforsyningen.&nbsp;<\/p>\n\n\n\n<p>Et termonet-anl\u00e6g best\u00e5r af et jordoptag; her med 6 km jordslanger, gravet ned under Forsyningens grund (nabo til Folkeparken), hvor det fylder cirka 0,7 ha. I jordslangerne l\u00f8ber en frostsikret v\u00e6ske, der via et termonet (uisolerede r\u00f8r i forskellige dimensioner) ledes ud i den enkelte bolig\/bygning, hvor en varmepumpe opvarmer vandet til varmtvands-forbrug og varme.<\/p>\n\n\n\n<p>N\u00e6ste skridt i processen er at f\u00e5 lavet en egentlig projektering og et udbudsmateriale af en r\u00e5dgiver. Chefkonsulent Karsten Kolle fra Vordingborg Kommune &#8211; som har fulgt projektet t\u00e6t og ogs\u00e5 finansierede de f\u00f8rste beregninger &#8211; opfordrede os p\u00e5 m\u00f8det til at ans\u00f8ge kommunen om penge til dette arbejde.<\/p>\n\n\n\n<p>Der er fortsat mulighed for at tilslutte sig projektet, hvis man bor p\u00e5 den sydlige side af Jungshovedvej mellem nummer 46 og nummer 80 &#8211; eller p\u00e5 Misleh\u00f8jvej..<\/p>\n\n\n\n<p>P\u00e5 arbejdsgruppens vegne, <\/p>\n\n\n\n<p>Sanne Wittrup, Jungshoved Lokalforum, mobil 24452702&nbsp;<\/p>\n\n\n\n<p><\/p>\n\n\n\n<figure class=\"wp-block-image size-large\"><img decoding=\"async\" width=\"1024\" height=\"612\" src=\"https:\/\/jungshovedenergi.dk\/wp-content\/uploads\/2023\/12\/IMG_0327-1024x612.jpeg\" alt=\"\" class=\"wp-image-374\" srcset=\"https:\/\/jungshovedenergi.dk\/wp-content\/uploads\/2023\/12\/IMG_0327-1024x612.jpeg 1024w, https:\/\/jungshovedenergi.dk\/wp-content\/uploads\/2023\/12\/IMG_0327-300x179.jpeg 300w, https:\/\/jungshovedenergi.dk\/wp-content\/uploads\/2023\/12\/IMG_0327-768x459.jpeg 768w, https:\/\/jungshovedenergi.dk\/wp-content\/uploads\/2023\/12\/IMG_0327-1536x918.jpeg 1536w, https:\/\/jungshovedenergi.dk\/wp-content\/uploads\/2023\/12\/IMG_0327-2048x1224.jpeg 2048w\" sizes=\"(max-width: 1024px) 100vw, 1024px\" \/><\/figure>\n\n\n\n<p><\/p>\n\n\n\n<h2 class=\"wp-block-heading\"><strong>F\u00e6lles varmel\u00f8sning udvikler sig<\/strong><\/h2>\n\n\n\n<p>Fra artikel i Jungshovedbladet: <\/p>\n\n\n\n<p>Sidst i august fik Jungshoved Lokalforum bevilget 30.000 kroner fra Vordingborg Kommune til at f\u00e5 foretaget konkrete beregninger p\u00e5 forskellige f\u00e6lles, gr\u00f8nne varmel\u00f8sninger til Jungshoved By. D\u00e9t blev vi meget glade for!&nbsp;<\/p>\n\n\n\n<p>I skrivende stund (1. november) har arbejdsgruppen modtaget og kommenteret det f\u00f8rste s\u00e6t&nbsp; beregninger fra vores r\u00e5dgiver, Ulrik J\u00f8rgensen, men det er endnu for tidligt at melde konkrete tal ud. Vi forventer dog, at det kan ske inden jul, og at vi s\u00e5 indkalder til et m\u00f8de om sagen\u2026&nbsp;<\/p>\n\n\n\n<p>Vi har i mellemtiden ogs\u00e5 v\u00e6ret i kontakt med Tybjerggaard, der i dag ejer biogasanl\u00e6gget p\u00e5 Lynggaarden med henblik p\u00e5, om deres overskudsvarme kunne indg\u00e5 i varmel\u00f8sningen og dermed g\u00f8re det hele billigere. Tybjerggaards administrerende direkt\u00f8r, Kasper Jeppesen, var meget interesseret i et energi-samarbejde, og i \u00f8jeblikket regner vi p\u00e5, hvad det vil kunne betyde for varmeprisen.<\/p>\n\n\n\n<p>Vi har ogs\u00e5 v\u00e6ret i kontakt med Merkur Bank, der gerne vil finansiere et f\u00e6lles varmeanl\u00e6g og dermed s\u00f8rge for, at start-indskuddet ikke bliver alt for stort, og at anl\u00e6gsinvesteringerne dermed kan betales af over varmeprisen.&nbsp;<\/p>\n\n\n\n<p>Varmeprojektet er en udl\u00f8ber af et velbes\u00f8gt klimam\u00f8de, som Jungshoved Lokalforum afholdt p\u00e5 skolen den 15. november sidste \u00e5r. Her h\u00f8rte vi om ideen bag lokale energif\u00e6llesskaber og om nye, f\u00e6lles varmel\u00f8sninger som termonet-teknologien, der ogs\u00e5 kaldes \u201ckold fjernvarme\u201d eller f\u00e6lles jordvarme-anl\u00e6g. En l\u00f8sning, som &#8211; modsat almindelig fjernvarme &#8211; egner sig godt til landomr\u00e5der med mere spredt bebyggelse.&nbsp;<\/p>\n\n\n\n<p>Et hurtigt rundsp\u00f8rge til beboerne i Jungshoved By afsl\u00f8rede p\u00e6n interesse for at v\u00e6re med i et f\u00e6lles projekt: 23 boliger svarede ja tak; 7 var m\u00e5ske-interesserede, 8 svarede nej tak, og 15 har ikke svaret p\u00e5 vores henvendelse.<\/p>\n\n\n\n<p>P\u00e5 vegne af \u201cArbejdsgruppen for f\u00e6lles varmeforsyning i Jungshoved By\u201d.<\/p>\n\n\n\n<p>Sanne Wittrup,<\/p>\n\n\n\n<p>Jungshoved Lokalforum<\/p>\n\n\n\n<figure class=\"wp-block-image size-large\"><img loading=\"lazy\" decoding=\"async\" width=\"1024\" height=\"652\" src=\"https:\/\/jungshovedenergi.dk\/wp-content\/uploads\/2023\/12\/IMG_0649-1024x652.jpeg\" alt=\"\" class=\"wp-image-377\" srcset=\"https:\/\/jungshovedenergi.dk\/wp-content\/uploads\/2023\/12\/IMG_0649-1024x652.jpeg 1024w, https:\/\/jungshovedenergi.dk\/wp-content\/uploads\/2023\/12\/IMG_0649-300x191.jpeg 300w, https:\/\/jungshovedenergi.dk\/wp-content\/uploads\/2023\/12\/IMG_0649-768x489.jpeg 768w, https:\/\/jungshovedenergi.dk\/wp-content\/uploads\/2023\/12\/IMG_0649-1536x978.jpeg 1536w, https:\/\/jungshovedenergi.dk\/wp-content\/uploads\/2023\/12\/IMG_0649-2048x1304.jpeg 2048w\" sizes=\"(max-width: 1024px) 100vw, 1024px\" \/><\/figure>\n","protected":false},"excerpt":{"rendered":"<p>Mandag den 10.6.2024 F\u00e6lles jordvarme-projekt s\u00e6ttes p\u00e5 pause \u2026 Den afg\u00f8rende runde for tilmelding til det f\u00e6lles jordvarmeprojekt i Jungshoved By har vist, at der&nbsp;ikke&nbsp;er [&hellip;]<\/p>\n","protected":false},"author":2,"featured_media":0,"parent":0,"menu_order":0,"comment_status":"closed","ping_status":"open","template":"template-fullwide.php","meta":{"footnotes":""},"class_list":["post-2","page","type-page","status-publish","hentry"],"_links":{"self":[{"href":"https:\/\/jungshovedenergi.dk\/index.php\/wp-json\/wp\/v2\/pages\/2","targetHints":{"allow":["GET"]}}],"collection":[{"href":"https:\/\/jungshovedenergi.dk\/index.php\/wp-json\/wp\/v2\/pages"}],"about":[{"href":"https:\/\/jungshovedenergi.dk\/index.php\/wp-json\/wp\/v2\/types\/page"}],"author":[{"embeddable":true,"href":"https:\/\/jungshovedenergi.dk\/index.php\/wp-json\/wp\/v2\/users\/2"}],"replies":[{"embeddable":true,"href":"https:\/\/jungshovedenergi.dk\/index.php\/wp-json\/wp\/v2\/comments?post=2"}],"version-history":[{"count":29,"href":"https:\/\/jungshovedenergi.dk\/index.php\/wp-json\/wp\/v2\/pages\/2\/revisions"}],"predecessor-version":[{"id":501,"href":"https:\/\/jungshovedenergi.dk\/index.php\/wp-json\/wp\/v2\/pages\/2\/revisions\/501"}],"wp:attachment":[{"href":"https:\/\/jungshovedenergi.dk\/index.php\/wp-json\/wp\/v2\/media?parent=2"}],"curies":[{"name":"wp","href":"https:\/\/api.w.org\/{rel}","templated":true}]}}