{"id":13,"date":"2023-10-28T21:29:31","date_gmt":"2023-10-28T19:29:31","guid":{"rendered":"https:\/\/jungshovedenergi.dk\/?page_id=13"},"modified":"2024-01-14T22:46:12","modified_gmt":"2024-01-14T21:46:12","slug":"5-skarpe","status":"publish","type":"page","link":"https:\/\/jungshovedenergi.dk\/index.php\/5-skarpe\/","title":{"rendered":"Derfor et lokalt energif\u00e6llesskab"},"content":{"rendered":"\n<h3 class=\"wp-block-heading\"><em>Her har vi samlet forskelligt materiale, der beskriver, hvad et energif\u00e6llesskab er for noget, og hvordan det kan v\u00e6re en fordel for landomr\u00e5der som vores. <\/em><\/h3>\n\n\n\n<p><\/p>\n\n\n\n<p><\/p>\n\n\n\n<p><\/p>\n\n\n\n<p><\/p>\n\n\n\n<figure class=\"wp-block-image size-full\"><img fetchpriority=\"high\" decoding=\"async\" width=\"841\" height=\"595\" src=\"https:\/\/jungshovedenergi.dk\/wp-content\/uploads\/2023\/12\/jungshoved_energifaellesskab_6.jpg\" alt=\"\" class=\"wp-image-357\" srcset=\"https:\/\/jungshovedenergi.dk\/wp-content\/uploads\/2023\/12\/jungshoved_energifaellesskab_6.jpg 841w, https:\/\/jungshovedenergi.dk\/wp-content\/uploads\/2023\/12\/jungshoved_energifaellesskab_6-300x212.jpg 300w, https:\/\/jungshovedenergi.dk\/wp-content\/uploads\/2023\/12\/jungshoved_energifaellesskab_6-768x543.jpg 768w\" sizes=\"(max-width: 841px) 100vw, 841px\" \/><figcaption class=\"wp-element-caption\">Grafikken er fremstillet til Jungshovedbladets nummer 1, 2023. <a href=\"https:\/\/jungshoved.net\/wp-content\/uploads\/2023\/03\/Nr.1-2023.pdf\">https:\/\/jungshoved.net\/wp-content\/uploads\/2023\/03\/Nr.1-2023.pdf<\/a><\/figcaption><\/figure>\n\n\n\n<p><\/p>\n\n\n\n<p><\/p>\n\n\n\n<p><\/p>\n\n\n\n<p> <\/p>\n\n\n\n<p><\/p>\n\n\n\n<h2 class=\"wp-block-heading\">5 skarpe om lokale energif\u00e6llesskaber<\/h2>\n\n\n\n<p>@ <strong>Hvorfor etablere et lokalt energif\u00e6llesskab?<\/strong><\/p>\n\n\n\n<p>Form\u00e5let er at give beboerne p\u00e5 Jungshoved gr\u00f8n energi til en stabil og lav pris i mange \u00e5r fremover &#8211; b\u00e5de n\u00e5r det g\u00e6lder el og varme. Det sker gennem medejerskab af for eksempel solceller og vindm\u00f8lle(r) p\u00e5 halv\u00f8en. Produktionen skal matche energibehovet, s\u00e5ledes at Jungshoved popul\u00e6rt sagt bliver selvforsynende med gr\u00f8n energi; dermed sparer samfundet dyr net-udbygning og f\u00e5r samtidig installeret mere gr\u00f8n energi.<\/p>\n\n\n\n<p>@ <strong>Hvad er et lokalt energif\u00e6llesskab?&nbsp;<\/strong><\/p>\n\n\n\n<p>Et lokalt energif\u00e6llesskab er et lokalt forankret juridisk-\u00f8konomisk-teknisk partnerskab mellem flere typer partnere, som tilsammen producerer vedvarende energi og forbruger energien lokalt. Det v\u00e6re sig til almindeligt&nbsp; elforbrug eller konverteret til opvarmning eller transport (opladning af elbiler). Partnerskabet vil ofte have form af et A.m.b.A., dvs. et Andelsselskab med begr\u00e6nset Ansvar.&nbsp;<\/p>\n\n\n\n<p>@ <strong>Hvem kan v\u00e6re med?&nbsp;<\/strong><\/p>\n\n\n\n<p>Private borgere, virksomheder, boligforeninger og kommunale institutioner kan v\u00e6re med i et lokalt energif\u00e6llesskab, men man skal bo i n\u00e6rheden af hinanden &#8211; indtil videre regner man indenfor en radius p\u00e5 5 kilometer (afstanden er ikke lagt fast i lovgivningen). Eksisterende vedvarende energi-anl\u00e6g som for eksempel solceller, vindm\u00f8ller eller biogas kan sagtens indg\u00e5 i puljen af producerende ve-anl\u00e6g. Lokale energif\u00e6llesskaber kan ogs\u00e5 eje andele i f.eks. vindm\u00f8llelaug eller solcelle-parker.<\/p>\n\n\n\n<p>@ <strong>Hvordan virker det?&nbsp;<\/strong><\/p>\n\n\n\n<p>Som medejer af VE-anl\u00e6ggene k\u00f8ber medlemmer str\u00f8m til costpris; det vil sige en fast, lav pris og uden de op-og ned ture, som elmarkedet byder p\u00e5 for tiden. Man bruger det offentlige elnet til transport af str\u00f8mmen, og netselskaberne udvikler i \u00f8jeblikket en s\u00e6rlig og lavere net-tarif til netop lokale energiselskaber. Tariffen skal afspejle den besparelse, som lokal produktion og forbrug giver netselskaberne i form af reduceret behov for net udbygning.&nbsp;<\/p>\n\n\n\n<p>En styringsenhed hos alle medlemmer og produktionsenheder vil g\u00f8re det muligt at styre tidspunkter for forbrug og produktion af energi i f\u00e6llesskabet.&nbsp; Styring er et centralt element, der g\u00f8r f\u00e6llesskabet i stand til at levere fleksibilitet til det samlede energisystem. &nbsp;<\/p>\n\n\n\n<p>@ <strong>Hvorfor er lokale energif\u00e6llesskaber godt for klimaet?&nbsp;<\/strong><\/p>\n\n\n\n<p>Lokale energif\u00e6llesskaber kan v\u00e6re med til at speede den gr\u00f8nne omstilling op &#8211; konkret ved etablering af f\u00e6lles varmepumpe-baserede varmel\u00f8sninger ogs\u00e5 i mindre landsbyer og dermed f\u00e5 skrottet oliefyrene. Samtidig kan det samlede energiforbrug minimeres gennem smart styring af forbruget &#8211; og m\u00e5ske et batteri-lager (evt. elbilernes). Endvidere vil ejerskab til ve-anl\u00e6ggene sandsynligvis reducere en eventuel lokal modstand mod disse anl\u00e6g.<br>Kilde: Egen sammenstilling. <\/p>\n\n\n\n<p><\/p>\n\n\n\n<p><\/p>\n\n\n\n<p><\/p>\n\n\n\n<h2 class=\"wp-block-heading\">Fordele ved et energif\u00e6llesskab:<\/h2>\n\n\n\n<ol class=\"wp-block-list\">\n<li><strong>\u00d8konomiske besparelser<\/strong>: Ved at dele omkostningerne og ressourcerne kan medlemmer ofte opn\u00e5 stordriftsfordele, hvilket kan reducere de individuelle energiomkostninger.<\/li>\n\n\n\n<li><strong>Milj\u00f8fordel<\/strong>: Ved at deltage i et energif\u00e6llesskab, der fokuserer p\u00e5 vedvarende energikilder, kan individer bidrage direkte til at reducere deres carbonaftryk og fremme b\u00e6redygtig energiproduktion.<\/li>\n\n\n\n<li><strong>St\u00f8rre energisikkerhed<\/strong>: At v\u00e6re del af et energif\u00e6llesskab kan g\u00f8re det muligt for medlemmerne at have en mere p\u00e5lidelig energiforsyning, is\u00e6r hvis f\u00e6llesskabet investerer i forskellige energikilder.<\/li>\n\n\n\n<li><strong>Selvforsyning<\/strong>: Nogle energif\u00e6llesskaber kan tilbyde en grad af selvforsyning, hvilket kan v\u00e6re s\u00e6rligt attraktivt i tider med ustabile energipriser eller -forsyninger.<\/li>\n\n\n\n<li><strong>F\u00e6llesskabsf\u00f8lelse<\/strong>: Ved at arbejde sammen mod et f\u00e6lles m\u00e5l kan medlemmerne opleve en st\u00e6rkere f\u00f8lelse af samh\u00f8righed og samfund.<\/li>\n\n\n\n<li><strong>Investering i fremtiden<\/strong>: Ved at deltage i et energif\u00e6llesskab investerer man ikke kun i nutiden, men ogs\u00e5 i fremtiden. Dette kan v\u00e6re gennem investering i ny teknologi, b\u00e6redygtig infrastruktur eller uddannelse om vedvarende energi.<\/li>\n\n\n\n<li><strong>St\u00f8rre indflydelse<\/strong>: Medlemmer af et energif\u00e6llesskab kan have en st\u00f8rre indflydelse p\u00e5, hvordan deres energi produceres og forbruges, sammenlignet med at v\u00e6re en passiv forbruger i det traditionelle energimarked.<\/li>\n\n\n\n<li><strong>Uddannelse og oplysning<\/strong>: F\u00e6llesskaber kan fungere som platforme for l\u00e6ring og oplysning om energieffektivitet, b\u00e6redygtighed og andre vigtige emner.<\/li>\n\n\n\n<li><strong>St\u00f8tte til lokale \u00f8konomier<\/strong>: Ved at investere i lokale energiprojekter kan f\u00e6llesskaber bidrage til at skabe jobs og styrke den lokale \u00f8konomi.<\/li>\n\n\n\n<li><strong>Innovation<\/strong>: Som kollektive enheder kan energif\u00e6llesskaber ofte v\u00e6re mere modige i at eksperimentere med og adoptere nye teknologier eller praksisser, som m\u00e5ske er for risikable eller dyre for enkeltpersoner at forf\u00f8lge alene.<\/li>\n<\/ol>\n\n\n\n<p>Samlet set kan deltagelse i et energif\u00e6llesskab give en lang r\u00e6kke fordele, der g\u00e5r ud over simpel energiforsyning og str\u00e6kker sig ind i omr\u00e5der som milj\u00f8beskyttelse, samfundsm\u00e6ssig solidaritet, \u00f8konomisk b\u00e6redygtighed og meget mere.<\/p>\n\n\n\n<p>Kilde: ChatGPT<\/p>\n","protected":false},"excerpt":{"rendered":"<p>Her har vi samlet forskelligt materiale, der beskriver, hvad et energif\u00e6llesskab er for noget, og hvordan det kan v\u00e6re en fordel for landomr\u00e5der som vores. [&hellip;]<\/p>\n","protected":false},"author":1,"featured_media":0,"parent":0,"menu_order":0,"comment_status":"closed","ping_status":"closed","template":"template-fullwide.php","meta":{"footnotes":""},"class_list":["post-13","page","type-page","status-publish","hentry"],"_links":{"self":[{"href":"https:\/\/jungshovedenergi.dk\/index.php\/wp-json\/wp\/v2\/pages\/13","targetHints":{"allow":["GET"]}}],"collection":[{"href":"https:\/\/jungshovedenergi.dk\/index.php\/wp-json\/wp\/v2\/pages"}],"about":[{"href":"https:\/\/jungshovedenergi.dk\/index.php\/wp-json\/wp\/v2\/types\/page"}],"author":[{"embeddable":true,"href":"https:\/\/jungshovedenergi.dk\/index.php\/wp-json\/wp\/v2\/users\/1"}],"replies":[{"embeddable":true,"href":"https:\/\/jungshovedenergi.dk\/index.php\/wp-json\/wp\/v2\/comments?post=13"}],"version-history":[{"count":21,"href":"https:\/\/jungshovedenergi.dk\/index.php\/wp-json\/wp\/v2\/pages\/13\/revisions"}],"predecessor-version":[{"id":811,"href":"https:\/\/jungshovedenergi.dk\/index.php\/wp-json\/wp\/v2\/pages\/13\/revisions\/811"}],"wp:attachment":[{"href":"https:\/\/jungshovedenergi.dk\/index.php\/wp-json\/wp\/v2\/media?parent=13"}],"curies":[{"name":"wp","href":"https:\/\/api.w.org\/{rel}","templated":true}]}}